{"id":369,"date":"2020-10-29T14:15:55","date_gmt":"2020-10-29T13:15:55","guid":{"rendered":"http:\/\/cristinacrocamo.org\/site\/?page_id=369"},"modified":"2020-11-30T03:31:59","modified_gmt":"2020-11-30T02:31:59","slug":"progetti-e-pubbicazioni","status":"publish","type":"page","link":"https:\/\/cristinacrocamo.org\/site\/progetti-e-pubbicazioni\/","title":{"rendered":"Collaborazioni e Progetti"},"content":{"rendered":"<div id=\"pl-369\"  class=\"panel-layout\" ><div id=\"pg-369-0\"  class=\"panel-grid panel-has-style\" ><div class=\"siteorigin-panels-stretch panel-row-style panel-row-style-for-369-0\" data-stretch-type=\"full-stretched\" ><div id=\"pgc-369-0-0\"  class=\"panel-grid-cell\" ><div id=\"panel-369-0-0-0\" class=\"so-panel widget widget_sow-slider panel-first-child panel-last-child\" data-index=\"0\" ><div\n\t\t\t\n\t\t\tclass=\"so-widget-sow-slider so-widget-sow-slider-default-6d39609536fd-369\"\n\t\t\t\n\t\t>\t\t\t\t<div class=\"sow-slider-base\" style=\"display: none\" tabindex=\"0\">\n\t\t\t\t\t<ul\n\t\t\t\t\tclass=\"sow-slider-images\"\n\t\t\t\t\tdata-settings=\"{&quot;pagination&quot;:true,&quot;speed&quot;:800,&quot;timeout&quot;:8000,&quot;paused&quot;:true,&quot;pause_on_hover&quot;:false,&quot;swipe&quot;:false,&quot;nav_always_show_desktop&quot;:&quot;&quot;,&quot;nav_always_show_mobile&quot;:&quot;&quot;,&quot;breakpoint&quot;:&quot;780px&quot;,&quot;unmute&quot;:false,&quot;anchor&quot;:null}\"\n\t\t\t\t\t\t\t\t\t\tdata-anchor-id=\"\"\n\t\t\t\t>\t\t<li class=\"sow-slider-image\" style=\"visibility: visible;\" >\n\t\t\t\t\t\t<img loading=\"lazy\" decoding=\"async\" width=\"600\" height=\"480\" src=\"https:\/\/cristinacrocamo.org\/site\/wp-content\/uploads\/2020\/11\/bigstock-Blue-vivid-image-of-globe-Glo-49105130.jpg\" class=\"sow-slider-background-image\" alt=\"\" style=\"\" srcset=\"https:\/\/cristinacrocamo.org\/site\/wp-content\/uploads\/2020\/11\/bigstock-Blue-vivid-image-of-globe-Glo-49105130.jpg 600w, https:\/\/cristinacrocamo.org\/site\/wp-content\/uploads\/2020\/11\/bigstock-Blue-vivid-image-of-globe-Glo-49105130-300x240.jpg 300w\" sizes=\"auto, (max-width: 600px) 100vw, 600px\" \/>\t\t<\/li>\n\t\t\t\t<li class=\"sow-slider-image\" style=\"visibility: hidden;\" >\n\t\t\t\t\t\t<div class=\"sow-slider-image-container\">\n\t\t\t\t<div class=\"sow-slider-image-wrapper\" style=\"max-width: 1920px\">\n\t\t\t\t\t\t\t\t\t\t<div class=\"sow-slider-image-foreground-wrapper\">\n\t\t\t\t\t\t<img loading=\"lazy\" decoding=\"async\" class=\"sow-slider-foreground-image\" style=\"\" srcset=\"\" sizes=\"auto, \" src=\"https:\/\/layouts.siteorigin.com\/wp-content\/uploads\/2015\/08\/Overlay-3.png#1920x1280\" width=\"1920\" height=\"1280\" >\t\t\t\t\t<\/div>\n\t\t\t\t\t\t\t\t\t<\/div>\n\t\t\t<\/div>\n\t\t\t\t\t<\/li>\n\t\t<\/ul>\t\t\t\t<ol class=\"sow-slider-pagination\">\n\t\t\t\t\t\t\t\t\t\t\t<li><a href=\"#\" data-goto=\"0\" aria-label=\"Display slide 1\"><\/a><\/li>\n\t\t\t\t\t\t\t\t\t\t\t<li><a href=\"#\" data-goto=\"1\" aria-label=\"Display slide 2\"><\/a><\/li>\n\t\t\t\t\t\t\t\t\t<\/ol>\n\n\t\t\t\t<div class=\"sow-slide-nav sow-slide-nav-next\">\n\t\t\t\t\t<a href=\"#\" data-goto=\"next\" aria-label=\"Next slide\" data-action=\"next\">\n\t\t\t\t\t\t<em class=\"sow-sld-icon-thin-right\"><\/em>\n\t\t\t\t\t<\/a>\n\t\t\t\t<\/div>\n\n\t\t\t\t<div class=\"sow-slide-nav sow-slide-nav-prev\">\n\t\t\t\t\t<a href=\"#\" data-goto=\"previous\" aria-label=\"Previous slide\" data-action=\"prev\">\n\t\t\t\t\t\t<em class=\"sow-sld-icon-thin-left\"><\/em>\n\t\t\t\t\t<\/a>\n\t\t\t\t<\/div>\n\t\t\t\t<\/div><\/div><\/div><\/div><\/div><\/div><div id=\"pg-369-1\"  class=\"panel-grid panel-has-style\" ><div class=\"siteorigin-panels-stretch panel-row-style panel-row-style-for-369-1\" data-stretch-type=\"full\" ><div id=\"pgc-369-1-0\"  class=\"panel-grid-cell\" ><div id=\"panel-369-1-0-0\" class=\"so-panel widget widget_sow-headline panel-first-child\" data-index=\"1\" ><div\n\t\t\t\n\t\t\tclass=\"so-widget-sow-headline so-widget-sow-headline-default-e9048f234cc6-369\"\n\t\t\t\n\t\t><div class=\"sow-headline-container \">\n\t\t\t\t\t\t\t<h1 class=\"sow-headline\">\n\t\t\t\t\t\tTEAM MULTIDISCIPLINARE\t\t\t\t\t\t<\/h1>\n\t\t\t\t\t\t\t\t\t\t\t<div class=\"decoration\">\n\t\t\t\t\t\t<div class=\"decoration-inside\"><\/div>\n\t\t\t\t\t<\/div>\n\t\t\t\t\t\t\t\t\t\t\t<h2 class=\"sow-sub-headline\">\n\t\t\t\t\t\tDiverse professionalit\u00e0, diverse competenze per una ricerca traslazionale\t\t\t\t\t\t<\/h2>\n\t\t\t\t\t\t<\/div>\n<\/div><\/div><div id=\"panel-369-1-0-1\" class=\"widget_text so-panel widget widget_custom_html\" data-index=\"2\" ><div class=\"textwidget custom-html-widget\"><style>\np {text-align: center;}\n<\/style>\n<p>\n  <img decoding=\"async\" src=\"http:\/\/cristinacrocamo.org\/site\/wp-content\/uploads\/2020\/11\/wordcloud4.png\" width=\"90%\" height=\"90%\">\n<\/p>\n<\/div><\/div><\/div><\/div><\/div><div id=\"pg-369-2\"  class=\"panel-grid panel-has-style\" ><div class=\"siteorigin-panels-stretch panel-row-style panel-row-style-for-369-2\" data-stretch-type=\"full\" ><div id=\"pgc-369-2-0\"  class=\"panel-grid-cell\" ><div id=\"panel-369-2-0-0\" class=\"so-panel widget widget_sow-headline panel-first-child\" data-index=\"4\" ><div\n\t\t\t\n\t\t\tclass=\"so-widget-sow-headline so-widget-sow-headline-default-14562847ae3d-369\"\n\t\t\t\n\t\t><div class=\"sow-headline-container \">\n\t\t\t\t\t\t\t<h1 class=\"sow-headline\">\n\t\t\t\t\t\tCOLLABORAZIONI\t\t\t\t\t\t<\/h1>\n\t\t\t\t\t\t\t\t\t\t\t<div class=\"decoration\">\n\t\t\t\t\t\t<div class=\"decoration-inside\"><\/div>\n\t\t\t\t\t<\/div>\n\t\t\t\t\t\t\t\t\t\t\t<h3 class=\"sow-sub-headline\">\n\t\t\t\t\t\tIn diverse occasioni, per attivit\u00e0 di ricerca, ho avuto l'opportunit\u00e0 di collaborare con team interdisciplinari di diverse istituzioni e societ\u00e0 a livello nazionale e internazionale\t\t\t\t\t\t<\/h3>\n\t\t\t\t\t\t<\/div>\n<\/div><\/div><div id=\"panel-369-2-0-1\" class=\"so-panel widget widget_siteorigin-panels-builder panel-last-child\" data-index=\"5\" ><div id=\"pl-w5fc44976af7df\"  class=\"panel-layout\" ><div id=\"pg-w5fc44976af7df-0\"  class=\"panel-grid panel-no-style\" ><div id=\"pgc-w5fc44976af7df-0-0\"  class=\"panel-grid-cell\" ><div id=\"panel-w5fc44976af7df-0-0-0\" class=\"widget_text so-panel widget widget_custom_html panel-first-child panel-last-child\" data-index=\"0\" ><div class=\"widget_text panel-widget-style panel-widget-style-for-w5fc44976af7df-0-0-0\" ><div class=\"textwidget custom-html-widget\"><style>\np {text-align: center;}\n<\/style>\n<p>\n<a href=\"http:\/\/spmsf.unipv.it\/\" target=\"_blank\" >\n<img decoding=\"async\" src=\"http:\/\/cristinacrocamo.org\/site\/wp-content\/uploads\/2020\/11\/logo-unipv-blu-e1606149854807.png\" alt=\"university-of-pavia\" width=\"90%\" height=\"75%\" class=\".aligncenter\">\n<\/a>\n<\/p><\/div><\/div><\/div><\/div><div id=\"pgc-w5fc44976af7df-0-1\"  class=\"panel-grid-cell\" ><div id=\"panel-w5fc44976af7df-0-1-0\" class=\"widget_text so-panel widget widget_custom_html panel-first-child panel-last-child\" data-index=\"1\" ><div class=\"textwidget custom-html-widget\"><style>\np {text-align: center;}\n<\/style>\n<p>\n<a href=\"https:\/\/www.st-andrews.ac.uk\/\" target=\"_blank\" >\n<img decoding=\"async\" src=\"http:\/\/cristinacrocamo.org\/site\/wp-content\/uploads\/2020\/11\/university-of-st-andrews-logo-1.png\" alt=\"university-of-st-andrews\" width=\"100%\" height=\"100%\" class=\".aligncenter\">\n<\/a>\n<\/p><\/div><\/div><\/div><div id=\"pgc-w5fc44976af7df-0-2\"  class=\"panel-grid-cell\" ><div id=\"panel-w5fc44976af7df-0-2-0\" class=\"widget_text so-panel widget widget_custom_html panel-first-child panel-last-child\" data-index=\"2\" ><div class=\"widget_text panel-widget-style panel-widget-style-for-w5fc44976af7df-0-2-0\" ><div class=\"textwidget custom-html-widget\"><style>\np {text-align: center;}\n<\/style>\n<p>\n<a href=\"http:\/\/www.saysoon.net\/eikondata\/\" target=\"_blank\" >\n<img decoding=\"async\" src=\"http:\/\/cristinacrocamo.org\/site\/wp-content\/uploads\/2020\/11\/cropped-EikondataNuovoLogoQuadrato.png\" alt=\"eikondata\" width=\"85%\" height=\"70%\" class=\".aligncenter\">\n<\/a>\n<\/p>\n<\/div><\/div><\/div><\/div><div id=\"pgc-w5fc44976af7df-0-3\"  class=\"panel-grid-cell\" ><div id=\"panel-w5fc44976af7df-0-3-0\" class=\"widget_text so-panel widget widget_custom_html panel-first-child panel-last-child\" data-index=\"3\" ><div class=\"textwidget custom-html-widget\"><style>\np {text-align: center;}\n<\/style>\n<p>\n<a href=\"https:\/\/www.ucl.ac.uk\/\" target=\"_blank\" >\n<img decoding=\"async\" src=\"http:\/\/cristinacrocamo.org\/site\/wp-content\/uploads\/2020\/11\/ucl-1.png\" alt=\"ucl\" width=\"80%\" height=\"100%\" class=\".aligncenter\">\n<\/a>\n<\/p>\n\n\n<\/div><\/div><\/div><div id=\"pgc-w5fc44976af7df-0-4\"  class=\"panel-grid-cell\" ><div id=\"panel-w5fc44976af7df-0-4-0\" class=\"widget_text so-panel widget widget_custom_html panel-first-child panel-last-child\" data-index=\"4\" ><div class=\"textwidget custom-html-widget\"><style>\np {text-align: center;}\n<\/style>\n<p>\n<a href=\"http:\/\/www.synergia-net.it\/it\/\" target=\"_blank\" >\n<img decoding=\"async\" src=\"http:\/\/cristinacrocamo.org\/site\/wp-content\/uploads\/2020\/11\/synergia1.jpg\" alt=\"synergia\" width=\"80%\" height=\"70%\" class=\".aligncenter\">\n<\/a>\n<\/p>\n\n\n<\/div><\/div><\/div><div id=\"pgc-w5fc44976af7df-0-5\"  class=\"panel-grid-cell\" ><div id=\"panel-w5fc44976af7df-0-5-0\" class=\"widget_text so-panel widget widget_custom_html panel-first-child panel-last-child\" data-index=\"5\" ><div class=\"widget_text panel-widget-style panel-widget-style-for-w5fc44976af7df-0-5-0\" ><div class=\"textwidget custom-html-widget\"><style>\np {text-align: center;}\n<\/style>\n<p>\n<a href=\"https:\/\/www.tuni.fi\/en\" target=\"_blank\" >\n<img decoding=\"async\" src=\"http:\/\/cristinacrocamo.org\/site\/wp-content\/uploads\/2020\/11\/tampere-e1606697158728.png\" alt=\"tampere\" width=\"67%\" height=\"50%\" class=\".aligncenter\">\n<\/a>\n<\/p>\n\n\n\n\n<\/div><\/div><\/div><\/div><\/div><\/div><\/div><\/div><\/div><\/div><\/div>","protected":false},"excerpt":{"rendered":"<p>TEAM MULTIDISCIPLINARE Diverse professionalit\u00e0, diverse competenze per una ricerca traslazionale COLLABORAZIONI In diverse occasioni, per attivit\u00e0 di ricerca, ho avuto l&#8217;opportunit\u00e0 di collaborare con team interdisciplinari di diverse istituzioni e societ\u00e0 a livello nazionale e internazionale<\/p>\n","protected":false},"author":1,"featured_media":0,"parent":0,"menu_order":0,"comment_status":"closed","ping_status":"closed","template":"","meta":{"footnotes":""},"class_list":["post-369","page","type-page","status-publish","hentry"],"_links":{"self":[{"href":"https:\/\/cristinacrocamo.org\/site\/wp-json\/wp\/v2\/pages\/369","targetHints":{"allow":["GET"]}}],"collection":[{"href":"https:\/\/cristinacrocamo.org\/site\/wp-json\/wp\/v2\/pages"}],"about":[{"href":"https:\/\/cristinacrocamo.org\/site\/wp-json\/wp\/v2\/types\/page"}],"author":[{"embeddable":true,"href":"https:\/\/cristinacrocamo.org\/site\/wp-json\/wp\/v2\/users\/1"}],"replies":[{"embeddable":true,"href":"https:\/\/cristinacrocamo.org\/site\/wp-json\/wp\/v2\/comments?post=369"}],"version-history":[{"count":95,"href":"https:\/\/cristinacrocamo.org\/site\/wp-json\/wp\/v2\/pages\/369\/revisions"}],"predecessor-version":[{"id":811,"href":"https:\/\/cristinacrocamo.org\/site\/wp-json\/wp\/v2\/pages\/369\/revisions\/811"}],"wp:attachment":[{"href":"https:\/\/cristinacrocamo.org\/site\/wp-json\/wp\/v2\/media?parent=369"}],"curies":[{"name":"wp","href":"https:\/\/api.w.org\/{rel}","templated":true}]}}